{"id":1294,"date":"2024-01-12T08:22:11","date_gmt":"2024-01-12T08:22:11","guid":{"rendered":"https:\/\/www.kultura.cat\/politica-de-privacidad\/"},"modified":"2024-08-23T07:37:48","modified_gmt":"2024-08-23T07:37:48","slug":"politicadeprivadesa","status":"publish","type":"page","link":"https:\/\/www.kultura.cat\/es\/politicadeprivadesa\/","title":{"rendered":"Pol\u00edtica de privadesa"},"content":{"rendered":"<p>[et_pb_section fb_built=\u00bb1&#8243; admin_label=\u00bbsection\u00bb _builder_version=\u00bb4.16&#8243; global_colors_info=\u00bb{}\u00bb][et_pb_row admin_label=\u00bbrow\u00bb _builder_version=\u00bb4.16&#8243; background_size=\u00bbinitial\u00bb background_position=\u00bbtop_left\u00bb background_repeat=\u00bbrepeat\u00bb global_colors_info=\u00bb{}\u00bb][et_pb_column type=\u00bb4_4&#8243; _builder_version=\u00bb4.16&#8243; custom_padding=\u00bb|||\u00bb global_colors_info=\u00bb{}\u00bb custom_padding__hover=\u00bb|||\u00bb][et_pb_text admin_label=\u00bbText\u00bb _builder_version=\u00bb4.24.0&#8243; background_size=\u00bbinitial\u00bb background_position=\u00bbtop_left\u00bb background_repeat=\u00bbrepeat\u00bb hover_enabled=\u00bb0&#8243; global_colors_info=\u00bb{}\u00bb sticky_enabled=\u00bb0&#8243;]<\/p>\n<p>&nbsp;<\/p>\n<h2><b>Pol\u00edtica de Privacidad<\/b><\/h2>\n<p><span>\u00daltima actualizaci\u00f3n: Enero 2024.<\/span><\/p>\n<p>&nbsp;<\/p>\n<h4><b>INFORMACI\u00d3N AL USUARIO<\/b><\/h4>\n<p><b>KULTURA Ideas y Estrategias para el Patrimonio<\/b><span style=\"font-weight: 400;\">, como Responsable del Tratamiento, le informa que, seg\u00fan lo dispuesto en el Reglamento (UE) 2016\/679, de 27 de abril, (RGPD) y en la L.O. 3\/2018, de 5 de diciembre, de protecci\u00f3n de datos y garant\u00eda de los derechos digitales (LOPDGDD), trataremos su datos tal y como reflejamos en la presente Pol\u00edtica de Privacidad.<\/span><\/p>\n<p><span style=\"font-weight: 400;\">En esta Pol\u00edtica de Privacidad describimos c\u00f3mo recogemos sus datos personales y por qu\u00e9 los recogemos, qu\u00e9 hacemos con ellos, con qui\u00e9n los compartimos, c\u00f3mo los protegemos y sus opciones en cuanto al tratamiento de sus datos personales.<\/span><\/p>\n<p><span style=\"font-weight: 400;\">Esta Pol\u00edtica se aplica al tratamiento de sus datos personales recogidos por la empresa para la prestaci\u00f3n de sus servicios. Si acepta las medidas de esta Pol\u00edtica, acepta que tratemos sus datos personales como se define en esta Pol\u00edtica.<\/span><\/p>\n<h4><strong><span> CONTACTo<\/span><\/strong><\/h4>\n<p><span style=\"font-weight: 400;\">Denominaci\u00f3n social: <\/span><b>KULTURA IDEAS Y ESTRATEGIAS PARA EL PATRIMONIO SL<\/b><\/p>\n<p><span style=\"font-weight: 400;\">Nombre comercial: <\/span><b>KULTURA Ideas y Estrategias para el Patrimonio<\/b><\/p>\n<p><span style=\"font-weight: 400;\">CIF: <\/span><b>B63124523<\/b><\/p>\n<p><span style=\"font-weight: 400;\">Domicilio: <\/span><b>C\/ Rossend Nobas, 33 P.Bj. 08018, Barcelona<\/b><\/p>\n<p><span style=\"font-weight: 400;\">e-mail: <\/span><b>administracion@kultura.cat<\/b><\/p>\n<h4><strong><span> PRINCIPIOS CLAVE<\/span><\/strong><\/h4>\n<p><span style=\"font-weight: 400;\">Siempre hemos estado comprometidos con prestar nuestros servicios con el m\u00e1s alto grado de calidad, lo que incluye tratar sus datos con seguridad y transparencia. Nuestros principios son:<\/span><\/p>\n<ul>\n<li style=\"font-weight: 400;\" aria-level=\"1\"><b>Legalidad<\/b><span style=\"font-weight: 400;\">: S\u00f3lo recopilaremos sus Datos personales para fines espec\u00edficos, expl\u00edcitos y leg\u00edtimos.<\/span><\/li>\n<li style=\"font-weight: 400;\" aria-level=\"1\"><b>Minimizaci\u00f3n de datos<\/b><span style=\"font-weight: 400;\">: Limitamos la recogida de datos de car\u00e1cter personal a lo que es estrictamente relevante y necesario para los fines para los que se han recopilado.<\/span><\/li>\n<li style=\"font-weight: 400;\" aria-level=\"1\"><b>Limitaci\u00f3n de la Finalidad<\/b><span style=\"font-weight: 400;\">: S\u00f3lo recogeremos sus datos personales para los fines declarados y s\u00f3lo seg\u00fan sus deseos.<\/span><\/li>\n<li style=\"font-weight: 400;\" aria-level=\"1\"><b>Precisi\u00f3n<\/b><span style=\"font-weight: 400;\">: Mantendremos sus datos personales exactos y actualizados.<\/span><\/li>\n<li style=\"font-weight: 400;\" aria-level=\"1\"><b>Seguridad de los Datos<\/b><span style=\"font-weight: 400;\">: Aplicamos las medidas t\u00e9cnicas y organizativas adecuadas y proporcionales a los riesgos para garantizar que sus datos no sufran da\u00f1os, tales como divulgaci\u00f3n o acceso no autorizado, la destrucci\u00f3n accidental o il\u00edcita o su p\u00e9rdida accidental o alteraci\u00f3n y cualquier otra forma de tratamiento il\u00edcito.<\/span><\/li>\n<li style=\"font-weight: 400;\" aria-level=\"1\"><b>Acceso y Rectificaci\u00f3n<\/b><span style=\"font-weight: 400;\">: Disponemos de medios para que acceda o rectifique sus datos cuando lo considere oportuno.<\/span><\/li>\n<li style=\"font-weight: 400;\" aria-level=\"1\"><b>Conservaci\u00f3n<\/b><span style=\"font-weight: 400;\">: Conservamos sus datos personales de manera legal y apropiada y s\u00f3lo mientras es necesario para los fines para los que se han recopilado.<\/span><\/li>\n<li style=\"font-weight: 400;\" aria-level=\"1\"><b>Las transferencias internacionales<\/b><span style=\"font-weight: 400;\">: cuando se d\u00e9 el caso de que sus datos vayan a ser transferidos fuera de la UE\/EEE se proteger\u00e1n adecuadamente.<\/span><\/li>\n<li style=\"font-weight: 400;\" aria-level=\"1\"><b>Terceros<\/b><span style=\"font-weight: 400;\">: El acceso y transferencia de datos personales a terceros se llevan a cabo de acuerdo con las leyes y reglamentos aplicables y con las garant\u00edas contractuales adecuadas.<\/span><\/li>\n<li style=\"font-weight: 400;\" aria-level=\"1\"><b>Marketing Directo y cookies<\/b><span>: Cumplimos con la legislaci\u00f3n aplicable en materia de publicidad y cookies.<\/span><\/li>\n<\/ul>\n<h4><strong><span> RECOLECCI\u00d3N Y TRACTAMIENTO DE DATOS PERSONALES<\/span><\/strong><\/h4>\n<p><span style=\"font-weight: 400;\">Los tipos de datos que se pueden solicitar y tratar son:<\/span><\/p>\n<ul>\n<li style=\"font-weight: 400;\" aria-level=\"1\"><span style=\"font-weight: 400;\">Datos de car\u00e1cter identificativo.<\/span><\/li>\n<\/ul>\n<p><span style=\"font-weight: 400;\">Tambi\u00e9n recogemos de forma autom\u00e1tica datos sobre su visita a nuestro sitio web\u00a0 seg\u00fan se describe en la pol\u00edtica de cookies.<\/span><\/p>\n<p><span style=\"font-weight: 400;\">Siempre que solicitemos sus Datos personales, le informaremos con claridad de qu\u00e9 datos personales recogemos y con qu\u00e9 fin. En general, recogemos y tratamos sus datos personales con el prop\u00f3sito de:<\/span><\/p>\n<ul>\n<li style=\"font-weight: 400;\" aria-level=\"1\"><span style=\"font-weight: 400;\">Proporcionar informaci\u00f3n, servicios, productos, informaci\u00f3n relevante y novedades en el sector.<\/span><\/li>\n<li style=\"font-weight: 400;\" aria-level=\"1\"><span style=\"font-weight: 400;\">Env\u00edo de comunicaciones.<\/span><\/li>\n<\/ul>\n<h4><strong><span> LEGITIMIDAD<\/span><\/strong><\/h4>\n<p><span style=\"font-weight: 400;\">De acuerdo con la normativa de protecci\u00f3n de datos aplicable, sus datos personales podr\u00e1n tratarse siempre que:<\/span><\/p>\n<ul>\n<li style=\"font-weight: 400;\" aria-level=\"1\"><span style=\"font-weight: 400;\">Nos ha dado su consentimiento a los efectos del tratamiento. Por supuesto podr\u00e1 retirar su consentimiento en cualquier momento.<\/span><\/li>\n<li style=\"font-weight: 400;\" aria-level=\"1\"><span style=\"font-weight: 400;\">Por requerimiento legal.<\/span><\/li>\n<li style=\"font-weight: 400;\" aria-level=\"1\"><span style=\"font-weight: 400;\">Por existir un inter\u00e9s leg\u00edtimo que no se vea menoscabado por sus derechos de privacidad, como por ejemplo el env\u00edo de informaci\u00f3n comercial bien por suscripci\u00f3n a nuestra newsletter o por su condici\u00f3n de cliente.<\/span><\/li>\n<li style=\"font-weight: 400;\" aria-level=\"1\"><span style=\"font-weight: 400;\">Por ser necesaria para la prestaci\u00f3n de alguno de nuestros servicios mediante relaci\u00f3n contractual entre usted y nosotros.<\/span><\/li>\n<\/ul>\n<h4><strong><span> COMUNICACI\u00d3N DE DATOS PERSONALES<\/span><\/strong><\/h4>\n<p><span style=\"font-weight: 400;\">Los datos pueden ser comunicados a empresas relacionadas con <\/span><b>KULTURA Ideas y Estrategias para el Patrimonio<\/b><span style=\"font-weight: 400;\"> para la prestaci\u00f3n de los diversos servicios en calidad de Encargados del Tratamiento. La empresa no realizar\u00e1 ninguna cesi\u00f3n, salvo por obligaci\u00f3n legal.<\/span><\/p>\n<p><span>\u00a0<\/span><\/p>\n<h4><strong><span>DERECHOS<\/span><\/strong><\/h4>\n<p><span style=\"font-weight: 400;\">En relaci\u00f3n con la recogida y tratamiento de sus datos personales, puede ponerse en contacto con nosotros en cualquier momento para:<\/span><\/p>\n<ul>\n<li style=\"font-weight: 400;\" aria-level=\"1\"><span style=\"font-weight: 400;\">Acceder a sus datos personales y a cualquier otra informaci\u00f3n indicada en el Art\u00edculo 15.1 del RGPD.<\/span><\/li>\n<li style=\"font-weight: 400;\" aria-level=\"1\"><span style=\"font-weight: 400;\">Rectificar sus datos personales que sean inexactos o est\u00e9n incompletos de acuerdo con el Art\u00edculo 16 del RGPD.<\/span><\/li>\n<li style=\"font-weight: 400;\" aria-level=\"1\"><span style=\"font-weight: 400;\">Suprimir sus datos personales de acuerdo con el Art\u00edculo 17 del RGPD.<\/span><\/li>\n<li style=\"font-weight: 400;\" aria-level=\"1\"><span style=\"font-weight: 400;\">Limitar el tratamiento de sus datos personales de acuerdo con el Art\u00edculo 18 del RGPD.<\/span><\/li>\n<li style=\"font-weight: 400;\" aria-level=\"1\"><span style=\"font-weight: 400;\">Solicitar la portabilidad de sus datos de acuerdo con el Art\u00edculo 20 del RGPD.<\/span><\/li>\n<li style=\"font-weight: 400;\" aria-level=\"1\"><span style=\"font-weight: 400;\">Oponerse al tratamiento de sus datos personales de acuerdo con el art\u00edculo 21 del RGPD.<\/span><\/li>\n<\/ul>\n<p><span style=\"font-weight: 400;\">Si ha otorgado su consentimiento para alguna finalidad concreta, tiene derecho a retirar el consentimiento otorgado en cualquier momento, sin que ello afecte a la licitud del tratamiento basado en el consentimiento previo a su retirada rrhh.<\/span><\/p>\n<p><span style=\"font-weight: 400;\">Puede ejercer estos derechos enviando comunicaci\u00f3n, motivada y acreditada, a <\/span><b>administracion@kultura.cat<\/b><\/p>\n<p><span style=\"font-weight: 400;\">Tambi\u00e9n tiene derecho a presentar una reclamaci\u00f3n ante la Autoridad de control competente (<\/span><a href=\"https:\/\/www.aepd.es\/es\"><span style=\"font-weight: 400;\">www.aepd.es<\/span><\/a><span style=\"font-weight: 400;\">) si considera que el tratamiento no se ajusta a la normativa vigente.<\/span><\/p>\n<p><span style=\"font-weight: 400;\"><\/span><\/p>\n<h4><strong><span> INFORMACI\u00d3N LEGAL<\/span><\/strong><\/h4>\n<p><span style=\"font-weight: 400;\">Los requisitos de esta Pol\u00edtica complementan, y no reemplazan, cualquier otro requisito existente bajo la ley de protecci\u00f3n de datos aplicable, que ser\u00e1 la que prevalezca en cualquier caso.<\/span><\/p>\n<p><span style=\"font-weight: 400;\">Esta Pol\u00edtica est\u00e1 sujeta a revisiones peri\u00f3dicas y la empresa puede modificarla en cualquier momento. Cuando esto ocurra, le avisaremos de cualquier cambio y le pediremos que vuelva a leer la versi\u00f3n m\u00e1s reciente de nuestra Pol\u00edtica y que confirme su aceptaci\u00f3n.<\/span><\/p>\n<p>&nbsp;<\/p>\n<p>[\/et_pb_text][\/et_pb_column][\/et_pb_row][\/et_pb_section]<\/p>\n","protected":false},"excerpt":{"rendered":"<p>KULTURA Ideas y Estrategias para el Patrimonio, como Responsable del Tratamiento, le informa que, seg\u00fan lo dispuesto en el Reglamento (UE) 2016\/679, de 27 de abril, (RGPD) y en la L.O. 3\/2018, de 5 de diciembre, de protecci\u00f3n de datos y garant\u00eda de los derechos digitales (LOPDGDD), trataremos su datos tal y como reflejamos en la presente Pol\u00edtica de Privacidad.<\/p>\n","protected":false},"author":1,"featured_media":0,"parent":0,"menu_order":0,"comment_status":"closed","ping_status":"closed","template":"","meta":{"_et_pb_use_builder":"on","_et_pb_old_content":"","_et_gb_content_width":"","footnotes":""},"class_list":["post-1294","page","type-page","status-publish","hentry"],"yoast_head":"<!-- This site is optimized with the Yoast SEO plugin v24.8.1 - https:\/\/yoast.com\/wordpress\/plugins\/seo\/ -->\n<title>Pol\u00edtica de privadesa - Kultura<\/title>\n<meta name=\"robots\" content=\"index, follow, max-snippet:-1, max-image-preview:large, max-video-preview:-1\" \/>\n<link rel=\"canonical\" href=\"https:\/\/www.kultura.cat\/es\/politicadeprivadesa\/\" \/>\n<meta property=\"og:locale\" content=\"es_ES\" \/>\n<meta property=\"og:type\" content=\"article\" \/>\n<meta property=\"og:title\" content=\"Pol\u00edtica de privadesa - Kultura\" \/>\n<meta property=\"og:description\" content=\"KULTURA Ideas y Estrategias para el Patrimonio, como Responsable del Tratamiento, le informa que, seg\u00fan lo dispuesto en el Reglamento (UE) 2016\/679, de 27 de abril, (RGPD) y en la L.O. 3\/2018, de 5 de diciembre, de protecci\u00f3n de datos y garant\u00eda de los derechos digitales (LOPDGDD), trataremos su datos tal y como reflejamos en la presente Pol\u00edtica de Privacidad.\" \/>\n<meta property=\"og:url\" content=\"https:\/\/www.kultura.cat\/es\/politicadeprivadesa\/\" \/>\n<meta property=\"og:site_name\" content=\"Kultura\" \/>\n<meta property=\"article:modified_time\" content=\"2024-08-23T07:37:48+00:00\" \/>\n<meta name=\"twitter:card\" content=\"summary_large_image\" \/>\n<meta name=\"twitter:label1\" content=\"Tiempo de lectura\" \/>\n\t<meta name=\"twitter:data1\" content=\"6 minutos\" \/>\n<script type=\"application\/ld+json\" class=\"yoast-schema-graph\">{\"@context\":\"https:\/\/schema.org\",\"@graph\":[{\"@type\":\"WebPage\",\"@id\":\"https:\/\/www.kultura.cat\/es\/politicadeprivadesa\/\",\"url\":\"https:\/\/www.kultura.cat\/es\/politicadeprivadesa\/\",\"name\":\"Pol\u00edtica de privadesa - Kultura\",\"isPartOf\":{\"@id\":\"https:\/\/www.kultura.cat\/es\/#website\"},\"datePublished\":\"2024-01-12T08:22:11+00:00\",\"dateModified\":\"2024-08-23T07:37:48+00:00\",\"breadcrumb\":{\"@id\":\"https:\/\/www.kultura.cat\/es\/politicadeprivadesa\/#breadcrumb\"},\"inLanguage\":\"es\",\"potentialAction\":[{\"@type\":\"ReadAction\",\"target\":[\"https:\/\/www.kultura.cat\/es\/politicadeprivadesa\/\"]}]},{\"@type\":\"BreadcrumbList\",\"@id\":\"https:\/\/www.kultura.cat\/es\/politicadeprivadesa\/#breadcrumb\",\"itemListElement\":[{\"@type\":\"ListItem\",\"position\":1,\"name\":\"Portada\",\"item\":\"https:\/\/www.kultura.cat\/es\/\"},{\"@type\":\"ListItem\",\"position\":2,\"name\":\"Pol\u00edtica de privadesa\"}]},{\"@type\":\"WebSite\",\"@id\":\"https:\/\/www.kultura.cat\/es\/#website\",\"url\":\"https:\/\/www.kultura.cat\/es\/\",\"name\":\"Kultura\",\"description\":\"Ideas y Estrategias para el Patrimonio\",\"potentialAction\":[{\"@type\":\"SearchAction\",\"target\":{\"@type\":\"EntryPoint\",\"urlTemplate\":\"https:\/\/www.kultura.cat\/es\/?s={search_term_string}\"},\"query-input\":{\"@type\":\"PropertyValueSpecification\",\"valueRequired\":true,\"valueName\":\"search_term_string\"}}],\"inLanguage\":\"es\"}]}<\/script>\n<!-- \/ Yoast SEO plugin. -->","yoast_head_json":{"title":"Pol\u00edtica de privadesa - Kultura","robots":{"index":"index","follow":"follow","max-snippet":"max-snippet:-1","max-image-preview":"max-image-preview:large","max-video-preview":"max-video-preview:-1"},"canonical":"https:\/\/www.kultura.cat\/es\/politicadeprivadesa\/","og_locale":"es_ES","og_type":"article","og_title":"Pol\u00edtica de privadesa - Kultura","og_description":"KULTURA Ideas y Estrategias para el Patrimonio, como Responsable del Tratamiento, le informa que, seg\u00fan lo dispuesto en el Reglamento (UE) 2016\/679, de 27 de abril, (RGPD) y en la L.O. 3\/2018, de 5 de diciembre, de protecci\u00f3n de datos y garant\u00eda de los derechos digitales (LOPDGDD), trataremos su datos tal y como reflejamos en la presente Pol\u00edtica de Privacidad.","og_url":"https:\/\/www.kultura.cat\/es\/politicadeprivadesa\/","og_site_name":"Kultura","article_modified_time":"2024-08-23T07:37:48+00:00","twitter_card":"summary_large_image","twitter_misc":{"Tiempo de lectura":"6 minutos"},"schema":{"@context":"https:\/\/schema.org","@graph":[{"@type":"WebPage","@id":"https:\/\/www.kultura.cat\/es\/politicadeprivadesa\/","url":"https:\/\/www.kultura.cat\/es\/politicadeprivadesa\/","name":"Pol\u00edtica de privadesa - Kultura","isPartOf":{"@id":"https:\/\/www.kultura.cat\/es\/#website"},"datePublished":"2024-01-12T08:22:11+00:00","dateModified":"2024-08-23T07:37:48+00:00","breadcrumb":{"@id":"https:\/\/www.kultura.cat\/es\/politicadeprivadesa\/#breadcrumb"},"inLanguage":"es","potentialAction":[{"@type":"ReadAction","target":["https:\/\/www.kultura.cat\/es\/politicadeprivadesa\/"]}]},{"@type":"BreadcrumbList","@id":"https:\/\/www.kultura.cat\/es\/politicadeprivadesa\/#breadcrumb","itemListElement":[{"@type":"ListItem","position":1,"name":"Portada","item":"https:\/\/www.kultura.cat\/es\/"},{"@type":"ListItem","position":2,"name":"Pol\u00edtica de privadesa"}]},{"@type":"WebSite","@id":"https:\/\/www.kultura.cat\/es\/#website","url":"https:\/\/www.kultura.cat\/es\/","name":"Kultura","description":"Ideas y Estrategias para el Patrimonio","potentialAction":[{"@type":"SearchAction","target":{"@type":"EntryPoint","urlTemplate":"https:\/\/www.kultura.cat\/es\/?s={search_term_string}"},"query-input":{"@type":"PropertyValueSpecification","valueRequired":true,"valueName":"search_term_string"}}],"inLanguage":"es"}]}},"_links":{"self":[{"href":"https:\/\/www.kultura.cat\/es\/wp-json\/wp\/v2\/pages\/1294","targetHints":{"allow":["GET"]}}],"collection":[{"href":"https:\/\/www.kultura.cat\/es\/wp-json\/wp\/v2\/pages"}],"about":[{"href":"https:\/\/www.kultura.cat\/es\/wp-json\/wp\/v2\/types\/page"}],"author":[{"embeddable":true,"href":"https:\/\/www.kultura.cat\/es\/wp-json\/wp\/v2\/users\/1"}],"replies":[{"embeddable":true,"href":"https:\/\/www.kultura.cat\/es\/wp-json\/wp\/v2\/comments?post=1294"}],"version-history":[{"count":7,"href":"https:\/\/www.kultura.cat\/es\/wp-json\/wp\/v2\/pages\/1294\/revisions"}],"predecessor-version":[{"id":1864,"href":"https:\/\/www.kultura.cat\/es\/wp-json\/wp\/v2\/pages\/1294\/revisions\/1864"}],"wp:attachment":[{"href":"https:\/\/www.kultura.cat\/es\/wp-json\/wp\/v2\/media?parent=1294"}],"curies":[{"name":"wp","href":"https:\/\/api.w.org\/{rel}","templated":true}]}}